{"id":60,"date":"2023-08-13T12:54:50","date_gmt":"2023-08-13T12:54:50","guid":{"rendered":"https:\/\/bigpictools.eu\/arac-seti\/"},"modified":"2024-11-07T19:39:37","modified_gmt":"2024-11-07T19:39:37","slug":"toolbox","status":"publish","type":"page","link":"https:\/\/bigpictools.eu\/tr\/toolbox\/","title":{"rendered":"Ara\u00e7 Seti,"},"content":{"rendered":"\n<p>BigPic Ara\u00e7 Seti, yeti\u015fkin e\u011fitimcilerini, \u00f6\u011frencilerinde, birbirine ba\u011fl\u0131 bir d\u00fcnyada ba\u015far\u0131l\u0131 olmak i\u00e7in \u00e7ok \u00f6nemli olan k\u00fcresel yetkinliklerin geli\u015ftirilmesini kolayla\u015ft\u0131rmak i\u00e7in gerekli ara\u00e7larla donatmak \u00fczere tasarlanm\u0131\u015ft\u0131r. Bu ara\u00e7 seti, \u00f6zellikle K\u00fcresel \u00d6\u011frenme ve S\u00fcrd\u00fcr\u00fclebilir Kalk\u0131nma Hedefleri (SKH&#8217;ler) temalar\u0131n\u0131 hedef alarak hem \u00e7ekici hem de e\u011fitici materyaller haz\u0131rlayan deneyimli yeti\u015fkin e\u011fitimcileri ve uzmanlar\u0131n\u0131n ortak \u00e7abalar\u0131n\u0131n bir sonucudur. Grup \u00e7al\u0131\u015fmas\u0131, bireysel \u00e7al\u0131\u015fma, tart\u0131\u015fmalar ve \u00f6\u011frenme s\u00fcrecini hem e\u011flenceli hem de etkili hale getiren ilgi \u00e7ekici materyaller gibi \u00e7e\u015fitli ara\u00e7lar i\u00e7erir.  <\/p>\n\n\n\n<h3 class=\"wp-block-heading\">Ara\u00e7 seti Temel Bile\u015fenleri ve \u00d6zellikleri i\u00e7erir<\/h3>\n\n\n\n<div class=\"wp-block-columns is-layout-flex wp-container-core-columns-is-layout-28f84493 wp-block-columns-is-layout-flex\">\n<div class=\"wp-block-column is-layout-flow wp-block-column-is-layout-flow\" style=\"flex-basis:33.33%\">\n<figure class=\"wp-block-image size-full\"><img loading=\"lazy\" decoding=\"async\" width=\"500\" height=\"500\" src=\"https:\/\/bigpictools.eu\/wp-content\/uploads\/2024\/08\/toolkit.jpg\" alt=\"\" class=\"wp-image-184\" srcset=\"https:\/\/bigpictools.eu\/wp-content\/uploads\/2024\/08\/toolkit.jpg 500w, https:\/\/bigpictools.eu\/wp-content\/uploads\/2024\/08\/toolkit-300x300.jpg 300w, https:\/\/bigpictools.eu\/wp-content\/uploads\/2024\/08\/toolkit-150x150.jpg 150w\" sizes=\"auto, (max-width: 500px) 100vw, 500px\" \/><\/figure>\n<\/div>\n\n\n\n<div class=\"wp-block-column is-layout-flow wp-block-column-is-layout-flow\" style=\"flex-basis:66.66%\">\n<ul class=\"wp-block-list\">\n<li>Tematik \u00dcniteler: Her \u00fcnite, SKH&#8217;ler, k\u00fclt\u00fcrel kapsay\u0131c\u0131l\u0131k ve s\u00fcrd\u00fcr\u00fclebilir uygulamalar dahil olmak \u00fczere belirli bir k\u00fcresel \u00f6\u011frenme temas\u0131na adanm\u0131\u015ft\u0131r.<\/li>\n\n\n\n<li>Ders Planlar\u0131: Temel k\u00fcresel e\u011fitim konular\u0131n\u0131 kapsayan ve farkl\u0131 \u00f6\u011frenme ortamlar\u0131na uyacak \u015fekilde \u00f6zelle\u015ftirilebilen kullan\u0131ma haz\u0131r planlar.<\/li>\n\n\n\n<li>\u0130nteraktif Al\u0131\u015ft\u0131rmalar: Problem \u00e7\u00f6zme, i\u015fbirli\u011fi ve yarat\u0131c\u0131 d\u00fc\u015f\u00fcnmeyi i\u00e7eren ilgi \u00e7ekici aktiviteler.<\/li>\n\n\n\n<li>De\u011ferlendirme Ara\u00e7lar\u0131: \u00d6\u011frencilerin ilerlemesini izlemek ve geli\u015ftirilmesi gereken alanlar\u0131 belirlemek i\u00e7in \u00e7e\u015fitli de\u011ferlendirme y\u00f6ntemleri.<\/li>\n\n\n\n<li>Multimedya Kaynaklar\u0131: Anlay\u0131\u015f\u0131 geli\u015ftiren ve farkl\u0131 \u00f6\u011frenme stillerine hitap eden videolar, podcast&#8217;ler ve infografikler.<\/li>\n\n\n\n<li>Vaka \u00c7al\u0131\u015fmalar\u0131 ve \u00d6rnekler: E\u011fitimcilere ilham vermek ve en iyi uygulamalar\u0131 g\u00f6stermek i\u00e7in ger\u00e7ek d\u00fcnya senaryolar\u0131 ve ba\u015far\u0131 hikayeleri.<\/li>\n<\/ul>\n<\/div>\n<\/div>\n\n\n\n<p>Ara\u00e7 Kitinin temel amac\u0131, yeti\u015fkin e\u011fitimcilerine, yeti\u015fkin \u00f6\u011frencilerinde k\u00fcresel yeterliliklerin geli\u015fimini te\u015fvik eden \u00f6\u011frenme etkinlikleri d\u00fczenlemek i\u00e7in gerekli ara\u00e7lar\u0131 sa\u011flamakt\u0131r. Bu, d\u00fcnyan\u0131n giderek daha fazla birbirine ba\u011fland\u0131\u011f\u0131 ve k\u00fcresel vatanda\u015flar\u0131n karma\u015f\u0131k ve \u00e7e\u015fitlilik i\u00e7eren bir toplumda yollar\u0131n\u0131 bulmaya haz\u0131r olmalar\u0131 gerekti\u011fi bir d\u00f6nemde \u00f6zellikle \u00f6nemlidir. <\/p>\n\n\n\n<p>Bu ara\u00e7 seti, yeti\u015fkin e\u011fitimcileri, e\u011fitim materyalleri olu\u015fturma uzmanlar\u0131 ve yeti\u015fkinlerin k\u00fcresel yetkinlikler kazanmas\u0131ndan yararlanan kurulu\u015flar\u0131n personelinden olu\u015fan deneyimli bir ekibin \u00e7al\u0131\u015fmalar\u0131n\u0131n sonucudur. Bu ara\u00e7lar\u0131, K\u00fcresel \u00d6\u011frenme ve S\u00fcrd\u00fcr\u00fclebilir Kalk\u0131nma Hedefleri (SKH&#8217;ler) temalar\u0131n\u0131 ele almak \u00fczere \u00f6zel olarak tasarland\u0131klar\u0131ndan emin olarak, kaliteli ve yeti\u015fkinlere hitap edecek \u015fekilde organize bir \u015fekilde tasarlad\u0131k. <\/p>\n\n\n\n<p>Ara\u00e7 Seti, \u00f6\u011frenme s\u00fcrecini yeti\u015fkin \u00f6\u011frenciler i\u00e7in e\u011flenceli, zorlay\u0131c\u0131 ve anlaml\u0131 k\u0131lmak \u00fczere tasarlanm\u0131\u015f grup \u00e7al\u0131\u015fmalar\u0131, bireysel \u00e7al\u0131\u015fmalar, tart\u0131\u015fmalar ve di\u011fer ilgi \u00e7ekici materyaller de dahil olmak \u00fczere \u00e7e\u015fitli PDF ara\u00e7lar\u0131n\u0131 &#8211; indirme se\u00e7enekleriyle birlikte &#8211; i\u00e7ermektedir. Her bir ara\u00e7, k\u00fcresel vatanda\u015fl\u0131k ve SKH&#8217;lerle ilgili kavramlar\u0131n anla\u015f\u0131lmas\u0131n\u0131 ve pratikte uygulanmas\u0131n\u0131 te\u015fvik etmek ve yeti\u015fkinleri s\u00fcrd\u00fcr\u00fclebilirlik, sosyal adalet ve k\u00fclt\u00fcrel \u00e7e\u015fitlilik gibi \u00f6nemli konular\u0131 ke\u015ffetmeye te\u015fvik etmek amac\u0131yla olu\u015fturulmu\u015ftur. <\/p>\n\n\n\n<h3 class=\"wp-block-heading\">Ara\u00e7 Kitine Eri\u015fim<\/h3>\n\n\n\n<p>Ara\u00e7 setine eri\u015fmek i\u00e7in kullan\u0131c\u0131lar \u015funlar\u0131 yapmal\u0131d\u0131r:<\/p>\n\n\n\n<p><a href=\"https:\/\/www.prometeodigitale.eu\/\" target=\"_blank\" rel=\"noreferrer noopener nofollow\">Prometeo dijital<\/a> platformuna gidin ve hesaplar\u0131na giri\u015f yap\u0131n.<\/p>\n\n\n\n<p>\u201cBIG PIC TOOLKIT\u201d b\u00f6l\u00fcm\u00fcn\u00fc ziyaret edin ve uygun dil s\u00fcr\u00fcm\u00fcn\u00fc se\u00e7in:<\/p>\n\n\n\n<ul class=\"wp-block-list\">\n<li><a href=\"https:\/\/www.prometeodigitale.eu\/mod\/folder\/view.php?id=926\" target=\"_blank\" rel=\"noreferrer noopener nofollow\">BG versiyonu<br><\/a><\/li>\n\n\n\n<li><a href=\"https:\/\/www.prometeodigitale.eu\/mod\/folder\/view.php?id=928\" target=\"_blank\" rel=\"noreferrer noopener nofollow\">TR versiyonu<br><\/a><\/li>\n\n\n\n<li><a href=\"https:\/\/www.prometeodigitale.eu\/mod\/folder\/view.php?id=927\" target=\"_blank\" rel=\"noreferrer noopener nofollow\">IT versiyonu<br><\/a><\/li>\n<\/ul>\n\n\n\n<p>Her biri belirli bir konuya ayr\u0131lm\u0131\u015f olan 1&#8217;den 9&#8217;a kadar bir ara\u00e7 se\u00e7in ve a\u00e7\u0131klamalar\u0131, faydal\u0131 kaynaklar\u0131 ve gerekli malzemeleri i\u00e7eren arac\u0131n nas\u0131l kullan\u0131laca\u011f\u0131na dair ayr\u0131nt\u0131l\u0131 a\u00e7\u0131klamay\u0131 inceleyin.<\/p>\n\n\n\n<figure class=\"wp-block-image size-full\"><img loading=\"lazy\" decoding=\"async\" width=\"930\" height=\"530\" src=\"https:\/\/bigpictools.eu\/wp-content\/uploads\/2024\/09\/toolkit-scr-01-3.jpg\" alt=\"\" class=\"wp-image-365\" srcset=\"https:\/\/bigpictools.eu\/wp-content\/uploads\/2024\/09\/toolkit-scr-01-3.jpg 930w, https:\/\/bigpictools.eu\/wp-content\/uploads\/2024\/09\/toolkit-scr-01-3-300x171.jpg 300w, https:\/\/bigpictools.eu\/wp-content\/uploads\/2024\/09\/toolkit-scr-01-3-768x438.jpg 768w\" sizes=\"auto, (max-width: 930px) 100vw, 930px\" \/><\/figure>\n\n\n\n<p style=\"margin-top:var(--wp--preset--spacing--60)\">Arac\u0131n nas\u0131l kullan\u0131laca\u011f\u0131na ili\u015fkin ayr\u0131nt\u0131l\u0131 a\u00e7\u0131klamay\u0131 okuyun &#8211; her ara\u00e7 a\u00e7\u0131klama, faydal\u0131 kaynaklar ve arac\u0131 uygulamak i\u00e7in gerekli malzemelerden olu\u015fur.<\/p>\n\n\n\n<figure class=\"wp-block-image size-full\"><img loading=\"lazy\" decoding=\"async\" width=\"930\" height=\"530\" src=\"https:\/\/bigpictools.eu\/wp-content\/uploads\/2024\/09\/toolkit-scr-02-2.jpg\" alt=\"\" class=\"wp-image-369\" srcset=\"https:\/\/bigpictools.eu\/wp-content\/uploads\/2024\/09\/toolkit-scr-02-2.jpg 930w, https:\/\/bigpictools.eu\/wp-content\/uploads\/2024\/09\/toolkit-scr-02-2-300x171.jpg 300w, https:\/\/bigpictools.eu\/wp-content\/uploads\/2024\/09\/toolkit-scr-02-2-768x438.jpg 768w\" sizes=\"auto, (max-width: 930px) 100vw, 930px\" \/><\/figure>\n\n\n\n<h3 class=\"wp-block-heading\">Navigasyon ve Kullan\u0131m Talimatlar\u0131 ile<\/h3>\n\n\n\n<ul class=\"wp-block-list\">\n<li>Ana Sayfaya Genel Bak\u0131\u015f: Ana sayfa, ara\u00e7 setinin ana \u00f6zelliklerine genel bir bak\u0131\u015f sunarak \u00fcnitelere, kaynaklara ve ek rehberli\u011fe h\u0131zl\u0131 eri\u015fim sa\u011flar.<\/li>\n\n\n\n<li>\u00dcnite Se\u00e7imi: Kullan\u0131c\u0131lar ilgili ders planlar\u0131n\u0131 ve kaynaklar\u0131 bulmak i\u00e7in temaya veya yetkinli\u011fe g\u00f6re gezinebilirler.<\/li>\n\n\n\n<li>Kaynak K\u00fct\u00fcphanesi: Kapsaml\u0131 bir k\u00fct\u00fcphane; de\u011ferlendirmeler, al\u0131\u015ft\u0131rmalar ve multimedya gibi ara\u00e7lar\u0131 t\u00fcrlerine g\u00f6re kategorize eder.<\/li>\n\n\n\n<li>\u00d6zelle\u015ftirilebilir \u015eablonlar: \u0130ndirilebilir ders plan\u0131 \u015fablonlar\u0131, bireysel \u00f6\u011frencilerin veya s\u0131n\u0131flar\u0131n ihtiya\u00e7lar\u0131na g\u00f6re d\u00fczenlenebilir ve ki\u015fiselle\u015ftirilebilir.<\/li>\n\n\n\n<li>Arama ve Filtreleme: Geli\u015fmi\u015f arama i\u015flevi, e\u011fitimcilerin konuya, t\u00fcre veya karma\u015f\u0131kl\u0131\u011fa g\u00f6re filtreleme yaparak belirli kaynaklar\u0131 h\u0131zl\u0131 bir \u015fekilde bulmalar\u0131n\u0131 sa\u011flar.<\/li>\n<\/ul>\n\n\n\n<h3 class=\"wp-block-heading\">Yeti\u015fkin E\u011fitimi Ortamlar\u0131nda Pratik Uygulamalarla<\/h3>\n\n\n\n<ul class=\"wp-block-list\">\n<li>K\u00fcresel Yetkinlik At\u00f6lyeleri: E\u011fitimciler, ara\u00e7 setinin tematik \u00fcnitelerini kullanarak at\u00f6lye \u00e7al\u0131\u015fmalar\u0131 d\u00fczenleyebilir, interaktif oturumlar i\u00e7in ders planlar\u0131n\u0131 ve multimedya kaynaklar\u0131n\u0131 birle\u015ftirebilir.<\/li>\n\n\n\n<li>Proje Tabanl\u0131 \u00d6\u011frenme: Al\u0131\u015ft\u0131rmalar ve vaka \u00e7al\u0131\u015fmalar\u0131, \u00f6\u011frencilerin k\u00fcresel zorluklar\u0131 ara\u015ft\u0131rd\u0131\u011f\u0131 ve yenilik\u00e7i \u00e7\u00f6z\u00fcmler geli\u015ftirdi\u011fi proje tabanl\u0131 faaliyetler i\u00e7in temel olu\u015fturabilir.<\/li>\n\n\n\n<li>K\u00fclt\u00fcrler Aras\u0131 Diyaloglar: K\u00fclt\u00fcrel fark\u0131ndal\u0131k materyalleri, empati ve anlay\u0131\u015f\u0131 te\u015fvik ederek farkl\u0131 \u00f6\u011frenci gruplar\u0131 aras\u0131ndaki diyaloglar\u0131 geli\u015ftirmek i\u00e7in kullan\u0131labilir.<\/li>\n\n\n\n<li>\u00d6l\u00e7me ve De\u011ferlendirme: De\u011ferlendirme ara\u00e7lar\u0131, e\u011fitimcilerin \u00f6\u011frenci ilerlemesini de\u011ferlendirmesine, ders planlar\u0131n\u0131 d\u00fczenlemesine ve hedefe y\u00f6nelik geri bildirim sa\u011flamas\u0131na olanak tan\u0131r.<\/li>\n<\/ul>\n\n\n\n<h3 class=\"wp-block-heading\">Ara\u00e7 Setini Mevcut M\u00fcfredata Entegre Etmek \u0130\u00e7in \u00d6neriler<\/h3>\n\n\n\n<ul class=\"wp-block-list\">\n<li>Mevcut Hedeflerle Uyum Sa\u011flay\u0131n: Ara\u00e7 setinin tematik \u00fcnitelerini g\u00f6zden ge\u00e7irerek mevcut m\u00fcfredat hedeflerini ve \u00e7\u0131kt\u0131lar\u0131n\u0131 do\u011fal olarak nerede tamamlayabileceklerini belirleyin.<\/li>\n\n\n\n<li>Kademeli Uygulama: Kademeli olarak daha ileri konulara ge\u00e7meden \u00f6nce mevcut m\u00fcfredata sorunsuz bir \u015fekilde uyan bir veya iki \u00fcnite ile ba\u015flay\u0131n.<\/li>\n\n\n\n<li>Kaynaklar\u0131 \u00d6zelle\u015ftirin: Ders planlar\u0131n\u0131 ve al\u0131\u015ft\u0131rmalar\u0131 \u00f6\u011frencilerinizin ge\u00e7mi\u015flerine, beceri d\u00fczeylerine ve ilgi alanlar\u0131na uyacak \u015fekilde uyarlay\u0131n.<\/li>\n\n\n\n<li>Meslekta\u015flar\u0131n\u0131zla \u0130\u015fbirli\u011fi Yap\u0131n: Daha kapsaml\u0131 bir k\u00fcresel \u00f6\u011frenme ortam\u0131 olu\u015fturmak i\u00e7in i\u00e7g\u00f6r\u00fcleri ve kaynaklar\u0131 di\u011fer e\u011fitimcilerle payla\u015f\u0131n.<\/li>\n\n\n\n<li>Yans\u0131t\u0131n ve \u0130yile\u015ftirin: Ara\u00e7 setinin kaynaklar\u0131n\u0131n etkinli\u011fini s\u00fcrekli olarak de\u011ferlendirin ve \u00f6\u011frenci geri bildirimlerine ve de\u011ferlendirme sonu\u00e7lar\u0131na g\u00f6re yakla\u015f\u0131m\u0131n\u0131z\u0131 iyile\u015ftirin.<\/li>\n<\/ul>\n\n\n\n<p>BigPic Toolkit, k\u00fcresel e\u011fitime yap\u0131land\u0131r\u0131lm\u0131\u015f bir yakla\u015f\u0131m sunarak e\u011fitimcilerin k\u00fcresel vatanda\u015fl\u0131\u011f\u0131 ve ya\u015fam boyu \u00f6\u011frenmeyi te\u015fvik eden etkili ve ilgili \u00f6\u011frenme deneyimleri sunmalar\u0131n\u0131 sa\u011flayan de\u011ferli bir varl\u0131kt\u0131r.<\/p>\n","protected":false},"excerpt":{"rendered":"<p>BigPic Ara\u00e7 Seti, yeti\u015fkin e\u011fitimcilerini, \u00f6\u011frencilerinde, birbirine ba\u011fl\u0131 bir d\u00fcnyada ba\u015far\u0131l\u0131 olmak i\u00e7in \u00e7ok \u00f6nemli olan k\u00fcresel yetkinliklerin geli\u015ftirilmesini kolayla\u015ft\u0131rmak i\u00e7in gerekli ara\u00e7larla donatmak \u00fczere tasarlanm\u0131\u015ft\u0131r. Bu ara\u00e7 seti, \u00f6zellikle K\u00fcresel \u00d6\u011frenme ve S\u00fcrd\u00fcr\u00fclebilir Kalk\u0131nma Hedefleri (SKH&#8217;ler) temalar\u0131n\u0131 hedef alarak hem \u00e7ekici hem de e\u011fitici materyaller haz\u0131rlayan deneyimli yeti\u015fkin e\u011fitimcileri [&hellip;]<\/p>\n","protected":false},"author":1,"featured_media":0,"parent":0,"menu_order":0,"comment_status":"closed","ping_status":"closed","template":"","meta":{"footnotes":""},"class_list":["post-60","page","type-page","status-publish","hentry"],"_links":{"self":[{"href":"https:\/\/bigpictools.eu\/tr\/wp-json\/wp\/v2\/pages\/60","targetHints":{"allow":["GET"]}}],"collection":[{"href":"https:\/\/bigpictools.eu\/tr\/wp-json\/wp\/v2\/pages"}],"about":[{"href":"https:\/\/bigpictools.eu\/tr\/wp-json\/wp\/v2\/types\/page"}],"author":[{"embeddable":true,"href":"https:\/\/bigpictools.eu\/tr\/wp-json\/wp\/v2\/users\/1"}],"replies":[{"embeddable":true,"href":"https:\/\/bigpictools.eu\/tr\/wp-json\/wp\/v2\/comments?post=60"}],"version-history":[{"count":2,"href":"https:\/\/bigpictools.eu\/tr\/wp-json\/wp\/v2\/pages\/60\/revisions"}],"predecessor-version":[{"id":481,"href":"https:\/\/bigpictools.eu\/tr\/wp-json\/wp\/v2\/pages\/60\/revisions\/481"}],"wp:attachment":[{"href":"https:\/\/bigpictools.eu\/tr\/wp-json\/wp\/v2\/media?parent=60"}],"curies":[{"name":"wp","href":"https:\/\/api.w.org\/{rel}","templated":true}]}}