{"id":59,"date":"2023-08-13T12:55:11","date_gmt":"2023-08-13T12:55:11","guid":{"rendered":"https:\/\/bigpictools.eu\/proje-ortaklari\/"},"modified":"2024-11-07T19:23:19","modified_gmt":"2024-11-07T19:23:19","slug":"partners","status":"publish","type":"page","link":"https:\/\/bigpictools.eu\/tr\/partners\/","title":{"rendered":"Proje Ortaklari"},"content":{"rendered":"\n<h3 class=\"wp-block-heading\"><a href=\"https:\/\/bgtrchamber.org\/\" target=\"_blank\" rel=\"noreferrer noopener\">Bulgar-T\u00fcrk Ticaret ve Sanayi Odas\u0131<\/a><\/h3>\n\n\n\n<p><a href=\"https:\/\/bgtrchamber.org\/\" target=\"_blank\" rel=\"noreferrer noopener\">BULGAR\u0130STAN-T\u00dcRK T\u0130CARET VE SANAY\u0130 ODASI (BTCCI)<\/a> 04 Ekim 2013 tarihinde \u015eumnu&#8217;da kurulmu\u015ftur. \u015eumnu B\u00f6lge Mahkemesi&#8217;nin 30 Ekim 2013 tarih ve 1 say\u0131l\u0131 karar\u0131yla Oda, \u015eumnu B\u00f6lge Mahkemesi taraf\u0131ndan tutulan 2013 y\u0131l\u0131 Kar Amac\u0131 G\u00fctmeyen T\u00fczel Ki\u015filer Siciline resmi olarak kaydedilmi\u015ftir. Odan\u0131n a\u00e7\u0131l\u0131\u015f t\u00f6reni 08 Kas\u0131m 2013 tarihinde i\u015fadamlar\u0131 ile yerel ve resmi makamlar\u0131n temsilcilerinin kat\u0131l\u0131m\u0131yla ger\u00e7ekle\u015fti. Oda&#8217;n\u0131n temel amac\u0131, Bulgaristan ve T\u00fcrkiye&#8217;deki i\u015fletmelerin yan\u0131 s\u0131ra \u00fc\u00e7\u00fcnc\u00fc \u00fclkelerdeki i\u015fletmeler aras\u0131nda kar\u015f\u0131l\u0131kl\u0131 fayda sa\u011flayan i\u015fbirli\u011fi ve ortakl\u0131klar\u0131n kurulmas\u0131na ve geli\u015ftirilmesine katk\u0131da bulunmak, kar\u015f\u0131l\u0131kl\u0131 ticaret ve yat\u0131r\u0131mlar\u0131 te\u015fvik eden i\u015f ortam\u0131n\u0131n geli\u015ftirilmesi ve s\u00fcrd\u00fcr\u00fclmesi i\u00e7in yerel ve resmi makamlar\u0131n ve Oda \u00fcyelerinin \u00e7abalar\u0131n\u0131 birle\u015ftirmektir. K\u00e2r amac\u0131 g\u00fctmeyen bir kurulu\u015f olarak Oda, yeni i\u015f alanlar\u0131 a\u00e7maya odaklanm\u0131\u015ft\u0131r.    <\/p>\n\n\n\n<h3 class=\"wp-block-heading\"><a href=\"https:\/\/www.prometeodigitale.eu\/\" target=\"_blank\" rel=\"noreferrer noopener\">Prometeo<\/a><\/h3>\n\n\n\n<p><a href=\"https:\/\/www.prometeodigitale.eu\/\" target=\"_blank\" rel=\"noreferrer noopener\">Prometeo<\/a>, 2001 y\u0131l\u0131nda \u0130talya&#8217;da do\u011fmu\u015f bir E\u011fitim Sa\u011flay\u0131c\u0131 ve STK kurulu\u015fudur. \u00dcniversitelerden veya Orta\u00f6\u011fretim okullar\u0131ndan al\u0131nan 45 \u00f6\u011fretmen ile 6 istikrarl\u0131 \u00fcyeye sahiptir. Faaliyetleri farkl\u0131 sekt\u00f6rleri kapsamaktad\u0131r: \u00c7evre ve Tar\u0131m konular\u0131, Tar\u0131msal g\u0131da End\u00fcstrileri, Y\u00f6neticiler i\u00e7in Mesleki Beceriler, Ekonomik E\u011fitim, Gen\u00e7lik, Sa\u011fl\u0131k, Turizm ve ilgili meslekler, \u0130\u015fyerinde Kad\u0131nlar, Sosyal \u0130\u00e7erme, G\u00f6\u00e7menler i\u00e7in \u0130stihdam ve Entegrasyon faaliyetleri. Avrupa, Ulusal ve B\u00f6lgesel d\u00fczeylerde projeler y\u00fcr\u00fctmektedirler: \u00f6rne\u011fin 30 ya\u015f alt\u0131 yeti\u015fkinlere y\u00f6nelik projeler ve Grundtvig LP veya \u0130\u00e7i\u015fleri Bakanl\u0131\u011f\u0131 ve Regione Calabria ile G\u00fcney veya Orta \u0130talya&#8217;daki K\u00fc\u00e7\u00fck G\u00f6\u00e7menler ve \u00c7evre hakk\u0131nda anketler. YiA projelerindeki faaliyetler Kas\u0131m 2010&#8217;da Reggio Calabria&#8217;da Akdeniz \u00fclkeleri aras\u0131nda g\u00fc\u00e7l\u00fc bir a\u011f olu\u015fturulmas\u0131 i\u00e7in \u201cLet&#8217;s Know\u201d adl\u0131 4.3 Projesinin d\u00fczenlenmesiyle ba\u015flam\u0131\u015ft\u0131r. \u201cE\u011fitimde Konukseverlik Politikas\u0131 i\u00e7in Irk\u00e7\u0131l\u0131\u011fa Kar\u015f\u0131 K\u00fclt\u00fcrleraras\u0131 E\u011fitim\u201d konusunda e\u011fitim vermektedirler.     <\/p>\n\n\n\n<h3 class=\"wp-block-heading\"><a href=\"https:\/\/www.asestraining.com\/\" target=\"_blank\" rel=\"noreferrer noopener\">ASES<\/a> ULUSLARARASI E\u011e\u0130T\u0130M SA\u011eLIK VE DANI\u015eMANLIK T\u0130CARET L\u0130M\u0130TED \u015e\u0130RKET\u0130 <a href=\"https:\/\/www.asestraining.com\/\" target=\"_blank\" rel=\"noreferrer noopener\">\/ASES\/<\/a><\/h3>\n\n\n\n<p><a href=\"https:\/\/www.asestraining.com\/\" data-type=\"link\" data-id=\"https:\/\/www.asestraining.com\/\" target=\"_blank\" rel=\"noreferrer noopener\">ASES<\/a>, uzman kadrosuyla ulusal ve uluslararas\u0131 ara\u015ft\u0131rma ve geli\u015ftirme yap\u0131lar\u0131nda yer almaktad\u0131r. Uzman kadrosunun y\u0131llar i\u00e7inde biriktirdi\u011fi zengin uzmanl\u0131k, ba\u015fta e\u011fitim ve sa\u011fl\u0131k olmak \u00fczere \u00e7ok \u00e7e\u015fitli g\u00fcncel konularda ara\u015ft\u0131rma ve geli\u015ftirme faaliyetlerini desteklemek i\u00e7in sosyal inovasyonu te\u015fvik etmeyi ama\u00e7lamaktad\u0131r. \u0130\u00e7erik ve inovasyon geli\u015ftirmek amac\u0131yla \u00f6n\u00fcm\u00fczdeki y\u0131llar\u0131n en g\u00fcncel konular\u0131nda da kendini marka haline getirmeye devam edecektir. Bir E\u011fitim ve Sa\u011fl\u0131k Ar-Ge kurulu\u015fu olan ASES, gelecek y\u00fczy\u0131lda gezegenin temel sorunlar\u0131na \u00fcretilecek s\u00fcrd\u00fcr\u00fclebilir \u00e7\u00f6z\u00fcmlere en \u00f6nemli katk\u0131y\u0131 yapan merkez olma hedefiyle kurulmu\u015ftur. <a href=\"https:\/\/www.asestraining.com\/\" target=\"_blank\" rel=\"noreferrer noopener\">ASES<\/a>, bir\u00e7ok \u00f6zel ve kamu payda\u015f\u0131n\u0131n kat\u0131l\u0131m\u0131yla devlet kurumlar\u0131, yerel idari kurulu\u015flar, kar amac\u0131 g\u00fctmeyen kurulu\u015flar, ticari kurulu\u015flar ve e\u011fitim kurumlar\u0131n\u0131 i\u00e7eren geni\u015f bir a\u011f\u0131 temsil etmektedir. ASES, Ar-Ge giri\u015fimlerinde ana akt\u00f6r olacakt\u0131r    <\/p>\n\n\n\n<h3 class=\"wp-block-heading\"><a href=\"https:\/\/www.lot-consult.com\/en\/\" target=\"_blank\" rel=\"noreferrer noopener\">LOT-CONSULT EOOD<\/a><\/h3>\n\n\n\n<p><a href=\"https:\/\/www.lot-consult.com\/en\/\" target=\"_blank\" rel=\"noreferrer noopener\">LOT-CONSULT EOOD<\/a>, Bulgaristan ve G\u00fcneydo\u011fu Avrupa&#8217;da son derece profesyonel hizmetler sunan, Avrupa, Asya, Amerika ve Afrika&#8217;da misyonlar ger\u00e7ekle\u015ftiren, i\u015f sa\u011fl\u0131\u011f\u0131 ve g\u00fcvenli\u011fi alan\u0131nda lider bir hizmet sa\u011flay\u0131c\u0131s\u0131d\u0131r. Tam kapsaml\u0131 i\u015f sa\u011fl\u0131\u011f\u0131 ve g\u00fcvenli\u011fi hizmetleri (\u0130SG) sunan \u015firket, \u00e7al\u0131\u015fma ortam\u0131 fakt\u00f6rlerini \u00f6l\u00e7mek i\u00e7in modern laboratuvarlara ve ekipmanlara, ayr\u0131ca Sofya ve Burgaz&#8217;da ofislere sahiptir. Ekip, \u0130SG alan\u0131nda \u00f6zel bilgi, beceri ve deneyime sahip ve ortak bir hedefle \u00e7al\u0131\u015fan y\u00fcksek nitelikli uzmanlardan (\u0130SG alan\u0131nda y\u00fcksek lisans, m\u00fchendisler, doktorlar, sa\u011fl\u0131k y\u00f6neticileri ve m\u00fcfetti\u015fleri, fizik\u00e7iler, kimyagerler, vb) olu\u015fmaktad\u0131r: ortaklar\u0131m\u0131z\u0131n ve m\u00fc\u015fterilerimizin i\u015fyerinde sa\u011fl\u0131k ve g\u00fcvenlik sorunlar\u0131n\u0131n etkili \u00e7\u00f6z\u00fcm\u00fc, \u00e7al\u0131\u015fanlar\u0131n sa\u011fl\u0131\u011f\u0131n\u0131n korunmas\u0131, i\u015f kazalar\u0131n\u0131n ve yaralanmalar\u0131n azalt\u0131lmas\u0131 ve ortadan kald\u0131r\u0131lmas\u0131 ve i\u015fyerinde g\u00fcvenlik ve sa\u011fl\u0131k i\u00e7in iyi uygulamalar\u0131n, prosed\u00fcrlerin ve politikalar\u0131n s\u00fcrd\u00fcr\u00fclmesi ve yayg\u0131nla\u015ft\u0131r\u0131lmas\u0131.  <\/p>\n","protected":false},"excerpt":{"rendered":"<p>Bulgar-T\u00fcrk Ticaret ve Sanayi Odas\u0131 BULGAR\u0130STAN-T\u00dcRK T\u0130CARET VE SANAY\u0130 ODASI (BTCCI) 04 Ekim 2013 tarihinde \u015eumnu&#8217;da kurulmu\u015ftur. \u015eumnu B\u00f6lge Mahkemesi&#8217;nin 30 Ekim 2013 tarih ve 1 say\u0131l\u0131 karar\u0131yla Oda, \u015eumnu B\u00f6lge Mahkemesi taraf\u0131ndan tutulan 2013 y\u0131l\u0131 Kar Amac\u0131 G\u00fctmeyen T\u00fczel Ki\u015filer Siciline resmi olarak kaydedilmi\u015ftir. Odan\u0131n a\u00e7\u0131l\u0131\u015f t\u00f6reni 08 Kas\u0131m [&hellip;]<\/p>\n","protected":false},"author":1,"featured_media":0,"parent":0,"menu_order":0,"comment_status":"closed","ping_status":"closed","template":"","meta":{"footnotes":""},"class_list":["post-59","page","type-page","status-publish","hentry"],"_links":{"self":[{"href":"https:\/\/bigpictools.eu\/tr\/wp-json\/wp\/v2\/pages\/59","targetHints":{"allow":["GET"]}}],"collection":[{"href":"https:\/\/bigpictools.eu\/tr\/wp-json\/wp\/v2\/pages"}],"about":[{"href":"https:\/\/bigpictools.eu\/tr\/wp-json\/wp\/v2\/types\/page"}],"author":[{"embeddable":true,"href":"https:\/\/bigpictools.eu\/tr\/wp-json\/wp\/v2\/users\/1"}],"replies":[{"embeddable":true,"href":"https:\/\/bigpictools.eu\/tr\/wp-json\/wp\/v2\/comments?post=59"}],"version-history":[{"count":2,"href":"https:\/\/bigpictools.eu\/tr\/wp-json\/wp\/v2\/pages\/59\/revisions"}],"predecessor-version":[{"id":479,"href":"https:\/\/bigpictools.eu\/tr\/wp-json\/wp\/v2\/pages\/59\/revisions\/479"}],"wp:attachment":[{"href":"https:\/\/bigpictools.eu\/tr\/wp-json\/wp\/v2\/media?parent=59"}],"curies":[{"name":"wp","href":"https:\/\/api.w.org\/{rel}","templated":true}]}}