{"id":57,"date":"2023-08-13T12:54:29","date_gmt":"2023-08-13T12:54:29","guid":{"rendered":"https:\/\/bigpictools.eu\/rehber\/"},"modified":"2024-11-26T21:43:21","modified_gmt":"2024-11-26T21:43:21","slug":"guide","status":"publish","type":"page","link":"https:\/\/bigpictools.eu\/tr\/guide\/","title":{"rendered":"Rehber"},"content":{"rendered":"\n<p>R3 E\u011fitimci Rehberi, yeti\u015fkin e\u011fitimcilerini, \u00f6\u011frencilerini k\u00fcresel yetkinlikler geli\u015ftirerek k\u00fcresel vatanda\u015flar olma yolunda y\u00f6nlendirmeleri i\u00e7in g\u00fc\u00e7lendirmek \u00fczere tasarlanm\u0131\u015f yenilik\u00e7i bir kaynakt\u0131r. Rehber, e\u011fitimcilerin k\u00fcresel \u00f6\u011frenmeyi etkili bir \u015fekilde kolayla\u015ft\u0131rmalar\u0131n\u0131 sa\u011flamak i\u00e7in tematik bilgi, ara\u00e7 ve faaliyetler sunmaktad\u0131r. <\/p>\n\n\n\n<p>Bu rehber \u015funlar\u0131 ama\u00e7lamaktad\u0131r:<\/p>\n\n\n\n<ul class=\"wp-block-list\">\n<li>Yeti\u015fkin e\u011fitimcilerini k\u00fcresel yetkinlikleri nas\u0131l geli\u015ftireceklerini ve bunlar\u0131 \u00f6\u011frencilerine nas\u0131l aktaracaklar\u0131n\u0131 \u00f6\u011frenmeleri konusunda desteklemek.<\/li>\n\n\n\n<li>E\u011fitimcilerin oturumlar\u0131nda kullanabilecekleri kapsaml\u0131 kaynaklar, al\u0131\u015ft\u0131rmalar ve etkinlikler sa\u011flamak.<\/li>\n\n\n\n<li>E\u011fitimcilerin anlaml\u0131 \u00f6\u011frenme deneyimleri yaratma, temel kavramlar\u0131 anlama ve farkl\u0131 bak\u0131\u015f a\u00e7\u0131lar\u0131n\u0131 uygulama becerilerini geli\u015ftirmek.<\/li>\n\n\n\n<li>Ele\u015ftirel d\u00fc\u015f\u00fcnme, yarat\u0131c\u0131l\u0131k ve problem \u00e7\u00f6zme yoluyla k\u00fcresel sorunlar\u0131n ele al\u0131nmas\u0131na yard\u0131mc\u0131 olmak.<\/li>\n\n\n\n<li>\u00d6\u011frencilerin ilgisini \u00e7eken ve ilerlemeyi izleyen \u00e7e\u015fitli de\u011ferlendirme y\u00f6ntemleri sunmak.<\/li>\n<\/ul>\n\n\n\n<h3 class=\"wp-block-heading\"><strong>Hedef Kitle<\/strong><\/h3>\n\n\n\n<p>Birincil hedef kitle \u015funlar\u0131 i\u00e7erir:<\/p>\n\n\n\n<ul class=\"wp-block-list\">\n<li>\u00d6\u011fretim stratejilerini ve k\u00fcresel \u00f6\u011frenme anlay\u0131\u015flar\u0131n\u0131 geli\u015ftirmek isteyen yeti\u015fkin e\u011fitimciler.<\/li>\n\n\n\n<li>Geli\u015ftirilmi\u015f e\u011fitim deneyimlerinden do\u011frudan faydalanacak olan yeti\u015fkin \u00f6\u011frenciler.<\/li>\n\n\n\n<li>Kurulu\u015flar ve y\u00fcksek\u00f6\u011fretim kurumlar\u0131 da dahil olmak \u00fczere k\u00fcresel e\u011fitimle ilgilenen payda\u015flar.<\/li>\n<\/ul>\n\n\n\n<p>Rehberin geni\u015f kapsam\u0131, onu toplum ve ekonomiden \u00e7evre ve demokrasiye kadar \u00e7ok \u00e7e\u015fitli sekt\u00f6rlerle ilgili k\u0131lmaktad\u0131r.<\/p>\n\n\n\n<h3 class=\"wp-block-heading\"><strong>Ortakl\u0131k Rolleri ve Katk\u0131lar\u0131<\/strong><\/h3>\n\n\n\n<p>Rehberin geli\u015ftirilmesi, her biri benzersiz uzmanl\u0131k getiren kilit ortaklar aras\u0131nda i\u015fbirli\u011fini i\u00e7ermektedir:<\/p>\n\n\n\n<p><strong>ASES E\u011fitim (T\u00fcrkiye)<\/strong>: \u0130\u00e7 akran de\u011ferlendirmesi ve \u00e7eviri s\u00fcre\u00e7lerine liderlik etmek.<\/p>\n\n\n\n<p><strong>Bulgar-T\u00fcrk Ticaret ve Sanayi Odas\u0131 (Bulgaristan)<\/strong>: Rehber yap\u0131s\u0131n\u0131 ve \u00e7eviri kalitesini denetlemek.<\/p>\n\n\n\n<p><strong>PROMETEO (\u0130talya)<\/strong>: BigPic MOOC, ara\u00e7 seti ve rehber entegrasyonunun koordine edilmesi.<\/p>\n\n\n\n<p><strong>LOT-CONSULT (Bulgaristan)<\/strong>: Ulusal \u00e7o\u011falt\u0131c\u0131 etkinliklerin d\u00fczenlenmesine ve kaynaklar\u0131n yayg\u0131nla\u015ft\u0131r\u0131lmas\u0131na yard\u0131mc\u0131 olmak.<\/p>\n\n\n\n<h3 class=\"wp-block-heading\"><strong>Beklenen Sonu\u00e7lar<\/strong><\/h3>\n\n\n\n<p>Rehber \u015funlar\u0131 sa\u011flamay\u0131 ama\u00e7lamaktad\u0131r:<\/p>\n\n\n\n<ul class=\"wp-block-list\">\n<li>Rehberin olu\u015fturulmas\u0131 ve Pilot Eylemin LTTA&#8217;da y\u00fcr\u00fct\u00fclmesi i\u00e7in a\u00e7\u0131k k\u0131lavuzlar.<\/li>\n\n\n\n<li>S\u00fcrd\u00fcr\u00fclebilir Beyannameleri toplamak i\u00e7in bir strateji.<\/li>\n\n\n\n<li>BM&#8217;nin S\u00fcrd\u00fcr\u00fclebilir Kalk\u0131nma Hedeflerine odaklanan ulusal \u00c7o\u011falt\u0131c\u0131 Etkinlikler d\u00fczenleme planlar\u0131.<\/li>\n\n\n\n<li>K\u0131lavuzu tan\u0131tan bir dizi haber b\u00fclteni ve sosyal medya g\u00f6nderisi.<\/li>\n\n\n\n<li>BigPic MOOC, Ara\u00e7 Kiti ve K\u0131lavuzu yayg\u0131nla\u015ft\u0131rma i\u00e7in sunan bir bro\u015f\u00fcr.<\/li>\n\n\n\n<li>Daha geni\u015f k\u00fclt\u00fcrlere ve topluluklara ula\u015fmak i\u00e7in ortak dillere \u00e7evrilmi\u015f bir rehber.<\/li>\n<\/ul>\n\n\n\n<p>K\u00fcresel \u00f6\u011frenme i\u00e7in kaynaklar\u0131n mevcudiyetine ra\u011fmen, i\u00e7erik yo\u011funlu\u011fu, \u00f6nyarg\u0131l\u0131 materyal ve s\u0131n\u0131rl\u0131 y\u00fcksek kaliteli e\u011fitim gibi zorluklar mevcuttur. Bu rehber, e\u011fitim yakla\u015f\u0131mlar\u0131, ilgili faaliyetler ve kaynak \u00f6nerileriyle kapsaml\u0131 destek sa\u011flayarak e\u011fitimcilerin 21. y\u00fczy\u0131l zorluklar\u0131yla uyumlu kaliteli e\u011fitim sunmalar\u0131na yard\u0131mc\u0131 olur. <\/p>\n\n\n\n<p>R3 BigPic Rehberi sayesinde yeti\u015fkin e\u011fitimciler, k\u00fcresel \u00f6\u011frenme temalar\u0131nda g\u00fcvenle ilerlemelerine ve \u00f6\u011frencilerin k\u00fcresel olarak yetkin vatanda\u015flar olmalar\u0131na yard\u0131mc\u0131 olacak yap\u0131land\u0131r\u0131lm\u0131\u015f ve pratik bir kaynak elde edeceklerdir. Rehberin kapsaml\u0131 yap\u0131s\u0131 ve i\u015fbirli\u011fine dayal\u0131 tasar\u0131m\u0131, sekt\u00f6rler aras\u0131 e\u011fitimcileri g\u00fc\u00e7lendirerek onlara k\u00fcresel e\u011fitimdeki mevcut ve gelecekteki zorluklar\u0131 ele almak i\u00e7in ihtiya\u00e7 duyduklar\u0131 ara\u00e7lar\u0131 sa\u011flayacakt\u0131r. <\/p>\n\n\n\n<div class=\"wp-block-columns is-layout-flex wp-container-core-columns-is-layout-28f84493 wp-block-columns-is-layout-flex\">\n<div class=\"wp-block-column is-layout-flow wp-block-column-is-layout-flow\"><a href=\"https:\/\/bigpictools.eu\/wp-content\/uploads\/2024\/11\/BigPic-Guide_TR.pdf\" class=\"pdfemb-viewer\" style=\"\" data-width=\"max\" data-height=\"max\" data-toolbar=\"top\" data-toolbar-fixed=\"off\">BigPic-Guide_TR<\/a><\/div>\n\n\n\n<div class=\"wp-block-column is-layout-flow wp-block-column-is-layout-flow\"><a href=\"https:\/\/bigpictools.eu\/wp-content\/uploads\/2024\/11\/Guideline-for-the-R3-Guide_TR.pdf\" class=\"pdfemb-viewer\" style=\"\" data-width=\"max\" data-height=\"max\" data-toolbar=\"top\" data-toolbar-fixed=\"off\">Guideline-for-the-R3-Guide_TR<\/a><\/div>\n<\/div>\n","protected":false},"excerpt":{"rendered":"<p>R3 E\u011fitimci Rehberi, yeti\u015fkin e\u011fitimcilerini, \u00f6\u011frencilerini k\u00fcresel yetkinlikler geli\u015ftirerek k\u00fcresel vatanda\u015flar olma yolunda y\u00f6nlendirmeleri i\u00e7in g\u00fc\u00e7lendirmek \u00fczere tasarlanm\u0131\u015f yenilik\u00e7i bir kaynakt\u0131r. Rehber, e\u011fitimcilerin k\u00fcresel \u00f6\u011frenmeyi etkili bir \u015fekilde kolayla\u015ft\u0131rmalar\u0131n\u0131 sa\u011flamak i\u00e7in tematik bilgi, ara\u00e7 ve faaliyetler sunmaktad\u0131r. Bu rehber \u015funlar\u0131 ama\u00e7lamaktad\u0131r: Hedef Kitle Birincil hedef kitle \u015funlar\u0131 i\u00e7erir: Rehberin geni\u015f [&hellip;]<\/p>\n","protected":false},"author":1,"featured_media":0,"parent":0,"menu_order":0,"comment_status":"closed","ping_status":"closed","template":"","meta":{"footnotes":""},"class_list":["post-57","page","type-page","status-publish","hentry"],"_links":{"self":[{"href":"https:\/\/bigpictools.eu\/tr\/wp-json\/wp\/v2\/pages\/57","targetHints":{"allow":["GET"]}}],"collection":[{"href":"https:\/\/bigpictools.eu\/tr\/wp-json\/wp\/v2\/pages"}],"about":[{"href":"https:\/\/bigpictools.eu\/tr\/wp-json\/wp\/v2\/types\/page"}],"author":[{"embeddable":true,"href":"https:\/\/bigpictools.eu\/tr\/wp-json\/wp\/v2\/users\/1"}],"replies":[{"embeddable":true,"href":"https:\/\/bigpictools.eu\/tr\/wp-json\/wp\/v2\/comments?post=57"}],"version-history":[{"count":4,"href":"https:\/\/bigpictools.eu\/tr\/wp-json\/wp\/v2\/pages\/57\/revisions"}],"predecessor-version":[{"id":816,"href":"https:\/\/bigpictools.eu\/tr\/wp-json\/wp\/v2\/pages\/57\/revisions\/816"}],"wp:attachment":[{"href":"https:\/\/bigpictools.eu\/tr\/wp-json\/wp\/v2\/media?parent=57"}],"curies":[{"name":"wp","href":"https:\/\/api.w.org\/{rel}","templated":true}]}}