{"id":55,"date":"2023-08-09T19:07:13","date_gmt":"2023-08-09T19:07:13","guid":{"rendered":"https:\/\/bigpictools.eu\/hakkinda\/"},"modified":"2024-11-26T21:42:17","modified_gmt":"2024-11-26T21:42:17","slug":"about","status":"publish","type":"page","link":"https:\/\/bigpictools.eu\/tr\/about\/","title":{"rendered":"Hakk\u0131nda"},"content":{"rendered":"\n<blockquote class=\"wp-block-quote is-layout-flow wp-block-quote-is-layout-flow\">\n<p>\u201cThe Bigger Picture Tools\u201d projesi, yeti\u015fkinlere \u00f6\u011frenme f\u0131rsatlar\u0131 sunan kurulu\u015flarda kapasite geli\u015ftirme ile ilgilidir. Yeti\u015fkinler ve yeti\u015fkin e\u011fitimcileri i\u00e7in k\u00fcresel bir yeterlilik \u00e7er\u00e7evesi ve e\u011fitimciler i\u00e7in k\u00fcresel e\u011fitim kurslar\u0131 form\u00fcle eden bir projedir. Proje, s\u00fcrd\u00fcr\u00fclebilir kalk\u0131nma hedefleri ba\u011flam\u0131nda s\u00fcregelen k\u00fcresel zorluklara yan\u0131t olarak geli\u015ftirilmektedir.  <\/p>\n<\/blockquote>\n\n\n\n<h3 class=\"wp-block-heading\" style=\"margin-bottom:var(--wp--preset--spacing--30)\">Big Pic:<\/h3>\n\n\n\n<ul class=\"wp-block-list\">\n<li>E\u011fitimcilere, e\u011fitimde k\u00fcresel \u00f6\u011frenmenin sa\u011flanmas\u0131nda kullan\u0131lacak kaynaklar ve ara\u00e7lar sa\u011flamak.<\/li>\n\n\n\n<li>Geli\u015ftirilen kaynak ve ara\u00e7lar\u0131 kullanarak k\u00fcresel e\u011fitim vermek i\u00e7in e\u011fitimcilerin konu bilgisini ve pedagojik yeterliliklerini geli\u015ftirmek<\/li>\n\n\n\n<li>Yeti\u015fkinlerin k\u00fcresel meseleler hakk\u0131ndaki bilgi ve anlay\u0131\u015flar\u0131n\u0131 geli\u015ftirmek<\/li>\n\n\n\n<li>E\u011fitimcilerin k\u00fcresel ve k\u00fclt\u00fcrleraras\u0131 yetkinliklerini geli\u015ftirmek<\/li>\n\n\n\n<li> Tart\u0131\u015fmal\u0131 konular\u0131n \u00f6\u011fretilmesi de dahil olmak \u00fczere yeti\u015fkinlerin ilgisini \u00e7ekmeye y\u00f6nelik pratik stratejiler sunmak<\/li>\n<\/ul>\n\n\n\n<h3 class=\"wp-block-heading\" style=\"margin-bottom:var(--wp--preset--spacing--30)\">Proje a\u015fa\u011f\u0131dakilerle uyumludur:<\/h3>\n\n\n\n<ul class=\"wp-block-list\">\n<li>&nbsp;Erasmus + Hedefleri<\/li>\n\n\n\n<li>&nbsp;Ba\u015fl\u0131k e\u011fitim hedefi de dahil olmak \u00fczere Avrupa 2020 Stratejisi;<\/li>\n\n\n\n<li>&nbsp;E\u011fitim ve \u00f6\u011fretimde Avrupa i\u015fbirli\u011fi i\u00e7in stratejik \u00e7er\u00e7evenin (ET 2020) hedefleri, ilgili kriterler de dahil olmak \u00fczere;<\/li>\n<\/ul>\n\n\n\n<h3 class=\"wp-block-heading\" style=\"margin-bottom:var(--wp--preset--spacing--30)\">Proje sonu\u00e7lar\u0131 \u015funlard\u0131r:<\/h3>\n\n\n\n<ol class=\"wp-block-list\">\n<li>Sonu\u00e7 1 BigPic MOOC<\/li>\n\n\n\n<li>Sonu\u00e7 2 BigPic ToolKit<\/li>\n\n\n\n<li>Sonu\u00e7 3 BigPic Rehberi<\/li>\n<\/ol>\n","protected":false},"excerpt":{"rendered":"<p>\u201cThe Bigger Picture Tools\u201d projesi, yeti\u015fkinlere \u00f6\u011frenme f\u0131rsatlar\u0131 sunan kurulu\u015flarda kapasite geli\u015ftirme ile ilgilidir. Yeti\u015fkinler ve yeti\u015fkin e\u011fitimcileri i\u00e7in k\u00fcresel bir yeterlilik \u00e7er\u00e7evesi ve e\u011fitimciler i\u00e7in k\u00fcresel e\u011fitim kurslar\u0131 form\u00fcle eden bir projedir. Proje, s\u00fcrd\u00fcr\u00fclebilir kalk\u0131nma hedefleri ba\u011flam\u0131nda s\u00fcregelen k\u00fcresel zorluklara yan\u0131t olarak geli\u015ftirilmektedir. Big Pic: Proje a\u015fa\u011f\u0131dakilerle uyumludur: Proje [&hellip;]<\/p>\n","protected":false},"author":1,"featured_media":0,"parent":0,"menu_order":0,"comment_status":"closed","ping_status":"closed","template":"","meta":{"footnotes":""},"class_list":["post-55","page","type-page","status-publish","hentry"],"_links":{"self":[{"href":"https:\/\/bigpictools.eu\/tr\/wp-json\/wp\/v2\/pages\/55","targetHints":{"allow":["GET"]}}],"collection":[{"href":"https:\/\/bigpictools.eu\/tr\/wp-json\/wp\/v2\/pages"}],"about":[{"href":"https:\/\/bigpictools.eu\/tr\/wp-json\/wp\/v2\/types\/page"}],"author":[{"embeddable":true,"href":"https:\/\/bigpictools.eu\/tr\/wp-json\/wp\/v2\/users\/1"}],"replies":[{"embeddable":true,"href":"https:\/\/bigpictools.eu\/tr\/wp-json\/wp\/v2\/comments?post=55"}],"version-history":[{"count":5,"href":"https:\/\/bigpictools.eu\/tr\/wp-json\/wp\/v2\/pages\/55\/revisions"}],"predecessor-version":[{"id":815,"href":"https:\/\/bigpictools.eu\/tr\/wp-json\/wp\/v2\/pages\/55\/revisions\/815"}],"wp:attachment":[{"href":"https:\/\/bigpictools.eu\/tr\/wp-json\/wp\/v2\/media?parent=55"}],"curies":[{"name":"wp","href":"https:\/\/api.w.org\/{rel}","templated":true}]}}