{"id":54,"date":"2023-08-13T12:54:50","date_gmt":"2023-08-13T12:54:50","guid":{"rendered":"https:\/\/bigpictools.eu\/strumenti\/"},"modified":"2024-11-11T17:27:40","modified_gmt":"2024-11-11T17:27:40","slug":"toolbox","status":"publish","type":"page","link":"https:\/\/bigpictools.eu\/it\/toolbox\/","title":{"rendered":"ToolKit"},"content":{"rendered":"\n<p>Il BigPic Toolkit \u00e8 progettato per fornire agli educatori per adulti gli strumenti necessari per facilitare lo sviluppo di competenze globali nei loro studenti, cruciali per prosperare in un mondo interconnesso. Questo toolkit \u00e8 il risultato di sforzi collaborativi di educatori per adulti esperti e specialisti che hanno creato materiali che sono sia accattivanti che educativi, specificamente mirati ai temi dell&#8217;apprendimento globale e degli obiettivi di sviluppo sostenibile (SDG). Include una variet\u00e0 di strumenti come lavoro di gruppo, lavoro individuale, discussioni e materiali coinvolgenti che rendono il processo di apprendimento sia divertente che di impatto.  <\/p>\n\n\n\n<h3 class=\"wp-block-heading\">Il toolkit include componenti e caratteristiche chiave<\/h3>\n\n\n\n<div class=\"wp-block-columns is-layout-flex wp-container-core-columns-is-layout-28f84493 wp-block-columns-is-layout-flex\">\n<div class=\"wp-block-column is-layout-flow wp-block-column-is-layout-flow\" style=\"flex-basis:33.33%\">\n<figure class=\"wp-block-image size-full\"><img loading=\"lazy\" decoding=\"async\" width=\"500\" height=\"500\" src=\"https:\/\/bigpictools.eu\/wp-content\/uploads\/2024\/08\/toolkit.jpg\" alt=\"\" class=\"wp-image-184\" srcset=\"https:\/\/bigpictools.eu\/wp-content\/uploads\/2024\/08\/toolkit.jpg 500w, https:\/\/bigpictools.eu\/wp-content\/uploads\/2024\/08\/toolkit-300x300.jpg 300w, https:\/\/bigpictools.eu\/wp-content\/uploads\/2024\/08\/toolkit-150x150.jpg 150w\" sizes=\"auto, (max-width: 500px) 100vw, 500px\" \/><\/figure>\n<\/div>\n\n\n\n<div class=\"wp-block-column is-layout-flow wp-block-column-is-layout-flow\" style=\"flex-basis:66.66%\">\n<ul class=\"wp-block-list\">\n<li>Unit\u00e0 tematiche: ogni unit\u00e0 \u00e8 dedicata a uno specifico tema di apprendimento globale, inclusi gli SDG, l&#8217;inclusivit\u00e0 culturale e le pratiche sostenibili.<\/li>\n\n\n\n<li>Piani di lezione: piani pronti all&#8217;uso che coprono argomenti essenziali di istruzione globale e possono essere personalizzati per adattarsi a diversi ambienti di apprendimento.<\/li>\n\n\n\n<li>Esercizi interattivi: attivit\u00e0 coinvolgenti che implicano risoluzione dei problemi, collaborazione e pensiero creativo.<\/li>\n\n\n\n<li>Strumenti di valutazione: una variet\u00e0 di metodi di valutazione per monitorare i progressi degli studenti e identificare le aree che necessitano di miglioramento.<\/li>\n\n\n\n<li>Risorse multimediali: video, podcast e infografiche che migliorano la comprensione e si adattano a diversi stili di apprendimento.<\/li>\n\n\n\n<li>Casi di studio ed esempi: scenari reali e storie di successo per ispirare gli educatori e dimostrare le migliori pratiche.<\/li>\n<\/ul>\n<\/div>\n<\/div>\n\n\n\n<p>L&#8217;obiettivo principale del Toolkit \u00e8 fornire agli educatori per adulti gli strumenti necessari per condurre eventi di apprendimento che favoriscano lo sviluppo di competenze globali nei loro studenti adulti. Ci\u00f2 \u00e8 particolarmente importante in un momento in cui il mondo \u00e8 sempre pi\u00f9 interconnesso e i cittadini globali devono essere preparati a muoversi in una societ\u00e0 complessa e diversificata. <\/p>\n\n\n\n<p>Il Toolkit \u00e8 il risultato del lavoro di un team esperto di educatori per adulti, specialisti nella creazione di materiali di formazione e personale di organizzazioni che traggono vantaggio dall&#8217;acquisizione di competenze globali da parte degli adulti. Abbiamo progettato questi strumenti in modo organizzato, con qualit\u00e0 e appeal per gli adulti, assicurandoci che siano specificamente progettati per affrontare i temi dell&#8217;apprendimento globale e degli obiettivi di sviluppo sostenibile (SDG). <\/p>\n\n\n\n<p>Il Toolkit include una variet\u00e0 di strumenti PDF, con opzioni di download, tra cui lavoro di gruppo, lavoro individuale, discussioni e altro materiale coinvolgente progettato per rendere il processo di apprendimento divertente, stimolante e significativo per gli studenti adulti. Ogni strumento \u00e8 stato creato con l&#8217;obiettivo di promuovere la comprensione e l&#8217;applicazione pratica di concetti correlati alla cittadinanza globale e agli Obiettivi di sviluppo sostenibile, incoraggiando gli adulti a esplorare questioni cruciali come sostenibilit\u00e0, giustizia sociale e diversit\u00e0 culturale. <\/p>\n\n\n\n<h3 class=\"wp-block-heading\">Accesso al Toolkit<\/h3>\n\n\n\n<p>Per accedere al toolkit, gli utenti devono:<\/p>\n\n\n\n<p>Accedere alla piattaforma <a href=\"https:\/\/www.prometeodigitale.eu\/\" target=\"_blank\" rel=\"noreferrer noopener nofollow\">digitale Prometeo<\/a> e accedere al proprio account.<\/p>\n\n\n\n<p>Visitare la sezione BIG PIC TOOLKIT&#8221; e selezionare la versione linguistica appropriata:<\/p>\n\n\n\n<ul class=\"wp-block-list\">\n<li><a href=\"https:\/\/www.prometeodigitale.eu\/mod\/folder\/view.php?id=926\" target=\"_blank\" rel=\"noreferrer noopener nofollow\">BG version<\/a><\/li>\n\n\n\n<li><a href=\"https:\/\/www.prometeodigitale.eu\/mod\/folder\/view.php?id=928\" target=\"_blank\" rel=\"noreferrer noopener nofollow\">TR version<\/a><\/li>\n\n\n\n<li><a href=\"https:\/\/www.prometeodigitale.eu\/mod\/folder\/view.php?id=927\" target=\"_blank\" rel=\"noreferrer noopener nofollow\">IT version<\/a><\/li>\n<\/ul>\n\n\n\n<p>Scegli uno strumento da 1 a 9, ciascuno dedicato a un argomento specifico, e rivedi la spiegazione dettagliata su come utilizzare lo strumento, comprese descrizioni, risorse utili e materiali richiesti.<\/p>\n\n\n\n<figure class=\"wp-block-image size-full\"><img loading=\"lazy\" decoding=\"async\" width=\"930\" height=\"530\" src=\"https:\/\/bigpictools.eu\/wp-content\/uploads\/2024\/09\/toolkit-scr-01-3.jpg\" alt=\"\" class=\"wp-image-365\" srcset=\"https:\/\/bigpictools.eu\/wp-content\/uploads\/2024\/09\/toolkit-scr-01-3.jpg 930w, https:\/\/bigpictools.eu\/wp-content\/uploads\/2024\/09\/toolkit-scr-01-3-300x171.jpg 300w, https:\/\/bigpictools.eu\/wp-content\/uploads\/2024\/09\/toolkit-scr-01-3-768x438.jpg 768w\" sizes=\"auto, (max-width: 930px) 100vw, 930px\" \/><\/figure>\n\n\n\n<p style=\"margin-top:var(--wp--preset--spacing--60)\">Leggi la spiegazione dettagliata su come utilizzare lo strumento: ogni strumento \u00e8 composto da descrizione, risorse utili e materiali necessari per implementarlo.<\/p>\n\n\n\n<figure class=\"wp-block-image size-full\"><img loading=\"lazy\" decoding=\"async\" width=\"930\" height=\"530\" src=\"https:\/\/bigpictools.eu\/wp-content\/uploads\/2024\/09\/toolkit-scr-02-2.jpg\" alt=\"\" class=\"wp-image-369\" srcset=\"https:\/\/bigpictools.eu\/wp-content\/uploads\/2024\/09\/toolkit-scr-02-2.jpg 930w, https:\/\/bigpictools.eu\/wp-content\/uploads\/2024\/09\/toolkit-scr-02-2-300x171.jpg 300w, https:\/\/bigpictools.eu\/wp-content\/uploads\/2024\/09\/toolkit-scr-02-2-768x438.jpg 768w\" sizes=\"auto, (max-width: 930px) 100vw, 930px\" \/><\/figure>\n\n\n\n<h3 class=\"wp-block-heading\">Con istruzioni per la navigazione e l&#8217;uso<\/h3>\n\n\n\n<ul class=\"wp-block-list\">\n<li>Panoramica della home page: la home page fornisce una panoramica delle principali funzionalit\u00e0 del toolkit, offrendo un rapido accesso a unit\u00e0, risorse e indicazioni aggiuntive.<\/li>\n\n\n\n<li>Selezione dell&#8217;unit\u00e0: gli utenti possono navigare per tema o competenza per individuare piani di lezione e risorse pertinenti.<\/li>\n\n\n\n<li>Libreria di risorse: una libreria completa classifica gli strumenti per tipo, come valutazioni, esercizi e contenuti multimediali.<\/li>\n\n\n\n<li>Modelli personalizzabili: i modelli di piani di lezione scaricabili possono essere modificati e personalizzati in base alle esigenze dei singoli studenti o delle classi.<\/li>\n\n\n\n<li>Ricerca e filtro: la funzionalit\u00e0 di ricerca avanzata consente agli insegnanti di trovare rapidamente risorse specifiche, filtrandole per argomento, tipo o complessit\u00e0.<\/li>\n<\/ul>\n\n\n\n<h3 class=\"wp-block-heading\">Con applicazioni pratiche nei contesti di educazione degli adulti<\/h3>\n\n\n\n<ul class=\"wp-block-list\">\n<li>Workshop sulle competenze globali: gli insegnanti possono organizzare workshop utilizzando le unit\u00e0 tematiche del toolkit, combinando piani di lezione e risorse multimediali per sessioni interattive.<\/li>\n\n\n\n<li>Apprendimento basato su progetti: gli esercizi e i casi di studio possono costituire la base per attivit\u00e0 basate su progetti in cui gli studenti indagano sulle sfide globali e ideare soluzioni innovative.<\/li>\n\n\n\n<li>Dialoghi interculturali: i materiali di sensibilizzazione culturale possono essere utilizzati per favorire il dialogo tra diversi gruppi di studenti, incoraggiando l&#8217;empatia e la comprensione.<\/li>\n\n\n\n<li>Valutazione e valutazione: gli strumenti di valutazione consentono agli educatori di valutare i progressi degli studenti, adattare i piani delle lezioni e fornire feedback mirati.<\/li>\n<\/ul>\n\n\n\n<h3 class=\"wp-block-heading\">Con raccomandazioni per l&#8217;integrazione del toolkit nei programmi di studio esistenti<\/h3>\n\n\n\n<ul class=\"wp-block-list\">\n<li>Allinearsi con gli obiettivi esistenti: rivedere le unit\u00e0 tematiche del toolkit per identificare dove possono integrare naturalmente gli attuali obiettivi e risultati curriculari.<\/li>\n\n\n\n<li>Implementazione graduale: inizia con una o due unit\u00e0 che si adattano perfettamente al programma esistente prima di espandersi gradualmente ad argomenti pi\u00f9 avanzati.<\/li>\n\n\n\n<li>Personalizza le risorse: adatta i piani delle lezioni e gli esercizi per adattarli al background, ai livelli di abilit\u00e0 e agli interessi dei tuoi studenti.<\/li>\n\n\n\n<li>Collabora con i colleghi: condividi approfondimenti e risorse con altri educatori per creare un ambiente di apprendimento globale pi\u00f9 completo.<\/li>\n\n\n\n<li>Rifletti e perfeziona: valuta continuamente l&#8217;efficacia delle risorse del toolkit e perfeziona il tuo approccio in base al feedback degli studenti e ai risultati della valutazione.<\/li>\n<\/ul>\n\n\n\n<p>Il BigPic Toolkit \u00e8 una risorsa preziosa che fornisce un approccio strutturato all\u2019educazione globale, consentendo agli educatori di offrire esperienze di apprendimento rilevanti e di grande impatto che promuovono la cittadinanza globale e l\u2019apprendimento permanente.<\/p>\n","protected":false},"excerpt":{"rendered":"<p>Il BigPic Toolkit \u00e8 progettato per fornire agli educatori per adulti gli strumenti necessari per facilitare lo sviluppo di competenze globali nei loro studenti, cruciali per prosperare in un mondo interconnesso. Questo toolkit \u00e8 il risultato di sforzi collaborativi di educatori per adulti esperti e specialisti che hanno creato materiali [&hellip;]<\/p>\n","protected":false},"author":1,"featured_media":0,"parent":0,"menu_order":0,"comment_status":"closed","ping_status":"closed","template":"","meta":{"footnotes":""},"class_list":["post-54","page","type-page","status-publish","hentry"],"_links":{"self":[{"href":"https:\/\/bigpictools.eu\/it\/wp-json\/wp\/v2\/pages\/54","targetHints":{"allow":["GET"]}}],"collection":[{"href":"https:\/\/bigpictools.eu\/it\/wp-json\/wp\/v2\/pages"}],"about":[{"href":"https:\/\/bigpictools.eu\/it\/wp-json\/wp\/v2\/types\/page"}],"author":[{"embeddable":true,"href":"https:\/\/bigpictools.eu\/it\/wp-json\/wp\/v2\/users\/1"}],"replies":[{"embeddable":true,"href":"https:\/\/bigpictools.eu\/it\/wp-json\/wp\/v2\/comments?post=54"}],"version-history":[{"count":4,"href":"https:\/\/bigpictools.eu\/it\/wp-json\/wp\/v2\/pages\/54\/revisions"}],"predecessor-version":[{"id":555,"href":"https:\/\/bigpictools.eu\/it\/wp-json\/wp\/v2\/pages\/54\/revisions\/555"}],"wp:attachment":[{"href":"https:\/\/bigpictools.eu\/it\/wp-json\/wp\/v2\/media?parent=54"}],"curies":[{"name":"wp","href":"https:\/\/api.w.org\/{rel}","templated":true}]}}