{"id":53,"date":"2023-08-13T12:55:11","date_gmt":"2023-08-13T12:55:11","guid":{"rendered":"https:\/\/bigpictools.eu\/partner\/"},"modified":"2024-11-06T18:32:54","modified_gmt":"2024-11-06T18:32:54","slug":"partners","status":"publish","type":"page","link":"https:\/\/bigpictools.eu\/it\/partners\/","title":{"rendered":"Partners"},"content":{"rendered":"\n<h3 class=\"wp-block-heading\"><a href=\"https:\/\/bgtrchamber.org\/\" target=\"_blank\" rel=\"noreferrer noopener nofollow\">Camera di commercio e industria bulgaro-turca<\/a><\/h3>\n\n\n\n<p><a href=\"https:\/\/bgtrchamber.org\/\" target=\"_blank\" rel=\"noreferrer noopener nofollow\">La CAMERA DI COMMERCIO E INDUSTRIA BULGARO-TURCA (BTCCI)<\/a> \u00e8 stata fondata a Shumen il 4 ottobre 2013. Con decisione del tribunale distrettuale di Shumen n. 1 del 30 ottobre 2013, la Camera \u00e8 stata ufficialmente registrata nel registro delle persone giuridiche senza scopo di lucro per il 2013, che \u00e8 tenuto dal tribunale distrettuale di Shumen. La cerimonia di apertura della Camera ha avuto luogo l&#8217;8 novembre 2013 alla presenza di imprenditori e rappresentanti delle autorit\u00e0 locali e governative. L&#8217;obiettivo principale della Camera \u00e8 quello di contribuire alla creazione e allo sviluppo di una cooperazione e di una partnership reciprocamente vantaggiose tra le aziende di Bulgaria e Turchia, nonch\u00e9 tra queste e le aziende di paesi terzi, per unire gli sforzi delle autorit\u00e0 locali e governative e dei membri della Camera per lo sviluppo e il mantenimento dell&#8217;ambiente aziendale che stimoli il commercio e gli investimenti reciproci. In quanto organizzazione senza scopo di lucro, la Camera \u00e8 focalizzata sull&#8217;apertura di nuove attivit\u00e0<\/p>\n\n\n\n<h3 class=\"wp-block-heading\"><a href=\"https:\/\/www.prometeodigitale.eu\/\" target=\"_blank\" rel=\"noreferrer noopener nofollow\">PROMETEO<\/a><\/h3>\n\n\n\n<p><a href=\"https:\/\/www.prometeodigitale.eu\/\" target=\"_blank\" rel=\"noreferrer noopener nofollow\">Prometeo<\/a> \u00e8 un Education Provider e un&#8217;organizzazione ONG nata nel 2001 in Italia. Ha 6 membri stabili con 45 insegnanti provenienti da Universit\u00e0 o scuole secondarie superiori. Le loro attivit\u00e0 coprono diversi settori: Ambiente e materie agrarie, Industrie agroalimentari, Competenze professionali per dirigenti, Formazione economica, Giovani, Assistenza sanitaria, Turismo e professioni correlate, Donne al lavoro, Inclusione sociale, Attivit\u00e0 di occupazione e integrazione per migranti. Realizzano progetti a livello europeo, nazionale e regionale: ad esempio progetti per adulti sotto i 30 anni e Grundtvig LP o indagini con il Ministero dell&#8217;Interno e la Regione Calabria sui minori migranti e l&#8217;ambiente nel Sud o Centro Italia. Le attivit\u00e0 nei progetti YiA sono iniziate a novembre 2010 con l&#8217;organizzazione a Reggio Calabria di un progetto 4.3 denominato &#8220;Let&#8217;s Know&#8221; per la creazione di una solida rete tra i paesi del Mediterraneo. Formano su &#8220;Formazione interculturale contro il razzismo per una politica di accoglienza nell&#8217;istruzione&#8221;.<\/p>\n\n\n\n<h3 class=\"wp-block-heading\"><a href=\"https:\/\/www.asestraining.com\/\" target=\"_blank\" rel=\"noreferrer noopener nofollow\">ASES<\/a><\/h3>\n\n\n\n<p><a href=\"https:\/\/www.asestraining.com\/\" target=\"_blank\" rel=\"noreferrer noopener nofollow\">ASES<\/a> si svolge in strutture di ricerca e sviluppo nazionali e internazionali con il suo personale esperto. La ricca competenza accumulata negli anni dal suo personale esperto mira a incoraggiare l&#8217;innovazione sociale per supportare le attivit\u00e0 di ricerca e sviluppo in un&#8217;ampia variet\u00e0 di argomenti attuali, principalmente istruzione e salute. Continuer\u00e0 a creare un marchio per se stesso negli argomenti pi\u00f9 attuali dei prossimi anni al fine di sviluppare contenuti e innovazione. ASES come organizzazione di ricerca e sviluppo per istruzione e salute \u00e8 stata fondata con l&#8217;obiettivo di essere il centro che fornisce il contributo pi\u00f9 importante alle soluzioni sostenibili da produrre nel prossimo secolo per i problemi fondamentali del pianeta. ASES rappresenta un&#8217;ampia rete che include istituzioni governative, organizzazioni amministrative locali, organizzazioni non profit, organizzazioni commerciali e istituzioni educative, con la partecipazione di molti stakeholder privati \u200b\u200be pubblici. ASES sar\u00e0 l&#8217;attore principale nelle iniziative di ricerca e sviluppo<\/p>\n\n\n\n<h3 class=\"wp-block-heading\"><a href=\"https:\/\/www.lot-consult.com\/en\/\" target=\"_blank\" rel=\"noreferrer noopener nofollow\">LOT CONSULT-EOOD<\/a><\/h3>\n\n\n\n<p><a href=\"https:\/\/www.lot-consult.com\/en\/\" target=\"_blank\" rel=\"noreferrer noopener nofollow\">LOT-CONSULT EOOD<\/a> \u00e8 un fornitore leader di servizi nel campo della sicurezza e della salute sul lavoro, che offre servizi altamente professionali in tutta la Bulgaria e nell&#8217;Europa sud-orientale, eseguendo missioni in Europa, Asia, America e Africa. L&#8217;azienda offre una gamma completa di servizi di salute e sicurezza sul lavoro (OHS) e dispone di laboratori e attrezzature moderni per la misurazione dei fattori dell&#8217;ambiente di lavoro, nonch\u00e9 uffici a Sofia e Burgas. Il team \u00e8 composto da specialisti altamente qualificati (laureati in OHS, ingegneri, medici, responsabili e ispettori sanitari, fisici, chimici, ecc.) che hanno conoscenze, competenze ed esperienza specifiche nel campo dell&#8217;OHS e lavorano con un obiettivo comune: soluzione efficace dei problemi di salute e sicurezza sul lavoro dei nostri partner e clienti, salvaguardia della salute dei lavoratori, riduzione ed eliminazione di incidenti e infortuni sul lavoro e mantenimento e diffusione di buone pratiche, procedure e politiche per la sicurezza e la salute sul lavoro<\/p>\n","protected":false},"excerpt":{"rendered":"<p>Camera di commercio e industria bulgaro-turca La CAMERA DI COMMERCIO E INDUSTRIA BULGARO-TURCA (BTCCI) \u00e8 stata fondata a Shumen il 4 ottobre 2013. Con decisione del tribunale distrettuale di Shumen n. 1 del 30 ottobre 2013, la Camera \u00e8 stata ufficialmente registrata nel registro delle persone giuridiche senza scopo di [&hellip;]<\/p>\n","protected":false},"author":1,"featured_media":0,"parent":0,"menu_order":0,"comment_status":"closed","ping_status":"closed","template":"","meta":{"footnotes":""},"class_list":["post-53","page","type-page","status-publish","hentry"],"_links":{"self":[{"href":"https:\/\/bigpictools.eu\/it\/wp-json\/wp\/v2\/pages\/53","targetHints":{"allow":["GET"]}}],"collection":[{"href":"https:\/\/bigpictools.eu\/it\/wp-json\/wp\/v2\/pages"}],"about":[{"href":"https:\/\/bigpictools.eu\/it\/wp-json\/wp\/v2\/types\/page"}],"author":[{"embeddable":true,"href":"https:\/\/bigpictools.eu\/it\/wp-json\/wp\/v2\/users\/1"}],"replies":[{"embeddable":true,"href":"https:\/\/bigpictools.eu\/it\/wp-json\/wp\/v2\/comments?post=53"}],"version-history":[{"count":3,"href":"https:\/\/bigpictools.eu\/it\/wp-json\/wp\/v2\/pages\/53\/revisions"}],"predecessor-version":[{"id":472,"href":"https:\/\/bigpictools.eu\/it\/wp-json\/wp\/v2\/pages\/53\/revisions\/472"}],"wp:attachment":[{"href":"https:\/\/bigpictools.eu\/it\/wp-json\/wp\/v2\/media?parent=53"}],"curies":[{"name":"wp","href":"https:\/\/api.w.org\/{rel}","templated":true}]}}