{"id":51,"date":"2023-08-13T12:54:29","date_gmt":"2023-08-13T12:54:29","guid":{"rendered":"https:\/\/bigpictools.eu\/guida\/"},"modified":"2024-11-18T19:39:23","modified_gmt":"2024-11-18T19:39:23","slug":"guide","status":"publish","type":"page","link":"https:\/\/bigpictools.eu\/it\/guide\/","title":{"rendered":"Guida"},"content":{"rendered":"\n<p>La guida per educatori R3 \u00e8 una risorsa innovativa progettata per consentire agli educatori per adulti di guidare i propri studenti verso la cittadinanza globale sviluppando competenze globali. La guida fornisce conoscenze tematiche, strumenti e attivit\u00e0 per consentire agli educatori di facilitare efficacemente l&#8217;apprendimento globale. <\/p>\n\n\n\n<p>Questa guida mira a:<\/p>\n\n\n\n<ul class=\"wp-block-list\">\n<li>Supportare gli educatori per adulti nell&#8217;apprendimento di come promuovere competenze globali e trasmetterle ai propri studenti.<\/li>\n\n\n\n<li>Fornire risorse, esercizi e attivit\u00e0 complete che gli educatori possono utilizzare nelle loro sessioni.<\/li>\n\n\n\n<li>Sviluppare la capacit\u00e0 degli educatori di creare esperienze di apprendimento significative, comprendere concetti centrali e applicare diverse prospettive.<\/li>\n\n\n\n<li>Aiutare ad affrontare problemi globali attraverso il pensiero critico, la creativit\u00e0 e la risoluzione dei problemi.<\/li>\n\n\n\n<li>Offrire diversi metodi di valutazione che coinvolgono gli studenti e monitorano i progressi.<\/li>\n<\/ul>\n\n\n\n<h3 class=\"wp-block-heading\"><strong>Pubblico di destinazione<\/strong><\/h3>\n\n\n\n<p>Il pubblico principale include:<\/p>\n\n\n\n<ul class=\"wp-block-list\">\n<li>Educatori per adulti che cercano di migliorare le proprie strategie di insegnamento e la comprensione dell&#8217;apprendimento globale.<\/li>\n\n\n\n<li>Studenti adulti che trarranno direttamente vantaggio dalle esperienze educative migliorate.<\/li>\n\n\n\n<li>Parte interessata all&#8217;istruzione globale, comprese organizzazioni e istituti di istruzione superiore.<\/li>\n<\/ul>\n\n\n\n<p>L&#8217;ampio ambito della guida la rende rilevante per un&#8217;ampia gamma di settori, dalla societ\u00e0 e l&#8217;economia all&#8217;ambiente e la democrazia.<\/p>\n\n\n\n<h3 class=\"wp-block-heading\"><strong>Ruoli e contributi dei partner<\/strong><\/h3>\n\n\n\n<p>Lo sviluppo della guida implica la collaborazione tra partner chiave, ognuno dei quali apporta competenze uniche:<\/p>\n\n\n\n<p><strong>ASES Training (T\u00fcrkiye):<\/strong> gestione dei processi interni di revisione paritaria e traduzione.<\/p>\n\n\n\n<p><strong>Camera di commercio e industria bulgaro-turca (Bulgaria):<\/strong> supervisione della struttura della guida e della qualit\u00e0 della traduzione.<\/p>\n\n\n\n<p><strong>PROMETEO (Italia):<\/strong> coordinamento del MOOC BigPic, del toolkit e dell&#8217;integrazione della guida.<\/p>\n\n\n\n<p><strong>LOT-CONSULT (Bulgaria):<\/strong> assistenza nell&#8217;organizzazione di eventi moltiplicatori nazionali e nella diffusione delle risorse.<\/p>\n\n\n\n<h3 class=\"wp-block-heading\"><strong>Risultati attesi<\/strong><\/h3>\n\n\n\n<p>La guida mira a fornire:<\/p>\n\n\n\n<ul class=\"wp-block-list\">\n<li>Linee guida chiare per la creazione della guida e la conduzione dell&#8217;azione pilota in LTTA.<\/li>\n\n\n\n<li>Una strategia per raccogliere dichiarazioni sostenibili.<\/li>\n\n\n\n<li>Piani per organizzare eventi moltiplicatori nazionali incentrati sugli obiettivi di sviluppo sostenibile delle Nazioni Unite.<\/li>\n\n\n\n<li>Una serie di newsletter e post sui social media che promuovono la guida.<\/li>\n\n\n\n<li>Un volantino che presenta il MOOC, il Toolkit e la Guida BigPic per la diffusione.<\/li>\n\n\n\n<li>Una guida tradotta disponibile nelle lingue partner per raggiungere culture e comunit\u00e0 pi\u00f9 ampie.<\/li>\n<\/ul>\n\n\n\n<p>Nonostante la disponibilit\u00e0 di risorse per l&#8217;apprendimento globale, esistono sfide come il sovraccarico di contenuti, materiale di parte e formazione di alta qualit\u00e0 limitata. Questa guida fornisce un supporto completo con approcci di formazione, attivit\u00e0 pertinenti e suggerimenti sulle risorse, aiutando gli educatori a fornire un&#8217;istruzione di qualit\u00e0 allineata alle sfide del 21\u00b0 secolo. <\/p>\n\n\n\n<p>Attraverso la Guida R3 BigPic, gli educatori per adulti riceveranno una risorsa strutturata e pratica, che consentir\u00e0 loro di navigare con sicurezza nei temi dell&#8217;apprendimento globale e di aiutare gli studenti a diventare cittadini competenti a livello globale. La natura completa e la progettazione collaborativa della guida assicurano che dar\u00e0 potere agli educatori in tutti i settori, fornendo loro gli strumenti di cui hanno bisogno per affrontare le sfide attuali e future nell&#8217;istruzione globale. <\/p>\n\n\n\n<div class=\"wp-block-columns is-layout-flex wp-container-core-columns-is-layout-28f84493 wp-block-columns-is-layout-flex\">\n<div class=\"wp-block-column is-layout-flow wp-block-column-is-layout-flow\"><a href=\"https:\/\/bigpictools.eu\/wp-content\/uploads\/2024\/11\/BigPic-Guide_IT.pdf\" class=\"pdfemb-viewer\" style=\"\" data-width=\"max\" data-height=\"max\" data-toolbar=\"top\" data-toolbar-fixed=\"off\">BigPic-Guide_IT<\/a><\/div>\n\n\n\n<div class=\"wp-block-column is-layout-flow wp-block-column-is-layout-flow\"><a href=\"https:\/\/bigpictools.eu\/wp-content\/uploads\/2024\/11\/Guideline_IT.pdf\" class=\"pdfemb-viewer\" style=\"\" data-width=\"max\" data-height=\"max\" data-toolbar=\"top\" data-toolbar-fixed=\"off\">Guideline_IT<\/a><\/div>\n<\/div>\n","protected":false},"excerpt":{"rendered":"<p>La guida per educatori R3 \u00e8 una risorsa innovativa progettata per consentire agli educatori per adulti di guidare i propri studenti verso la cittadinanza globale sviluppando competenze globali. La guida fornisce conoscenze tematiche, strumenti e attivit\u00e0 per consentire agli educatori di facilitare efficacemente l&#8217;apprendimento globale. Questa guida mira a: Pubblico [&hellip;]<\/p>\n","protected":false},"author":1,"featured_media":0,"parent":0,"menu_order":0,"comment_status":"closed","ping_status":"closed","template":"","meta":{"footnotes":""},"class_list":["post-51","page","type-page","status-publish","hentry"],"_links":{"self":[{"href":"https:\/\/bigpictools.eu\/it\/wp-json\/wp\/v2\/pages\/51","targetHints":{"allow":["GET"]}}],"collection":[{"href":"https:\/\/bigpictools.eu\/it\/wp-json\/wp\/v2\/pages"}],"about":[{"href":"https:\/\/bigpictools.eu\/it\/wp-json\/wp\/v2\/types\/page"}],"author":[{"embeddable":true,"href":"https:\/\/bigpictools.eu\/it\/wp-json\/wp\/v2\/users\/1"}],"replies":[{"embeddable":true,"href":"https:\/\/bigpictools.eu\/it\/wp-json\/wp\/v2\/comments?post=51"}],"version-history":[{"count":3,"href":"https:\/\/bigpictools.eu\/it\/wp-json\/wp\/v2\/pages\/51\/revisions"}],"predecessor-version":[{"id":589,"href":"https:\/\/bigpictools.eu\/it\/wp-json\/wp\/v2\/pages\/51\/revisions\/589"}],"wp:attachment":[{"href":"https:\/\/bigpictools.eu\/it\/wp-json\/wp\/v2\/media?parent=51"}],"curies":[{"name":"wp","href":"https:\/\/api.w.org\/{rel}","templated":true}]}}